{"id":590,"date":"2023-02-23T22:28:58","date_gmt":"2023-02-24T01:28:58","guid":{"rendered":"http:\/\/192.168.1.142\/wordpress\/?page_id=590"},"modified":"2023-02-23T22:36:20","modified_gmt":"2023-02-24T01:36:20","slug":"destaque-1","status":"publish","type":"page","link":"https:\/\/cemead.cubatao.sp.gov.br\/?page_id=590","title":{"rendered":"VESTIBULAR UNIVESP"},"content":{"rendered":"<header class=\"entry-header\">\n<p class=\"entry-title\">Na pr\u00f3xima segunda-feira (6), \u00e0s 10h, a Universidade Virtual do Estado de S\u00e3o Paulo (Univesp) abre inscri\u00e7\u00f5es do vestibular para o preenchimento de 120 vagas destinadas ao Polo de Cubat\u00e3o. Ser\u00e3o oferecidos nove cursos via processo de sele\u00e7\u00e3o: Letras, Matem\u00e1tica e Pedagogia (Eixo de Licenciatura), Ci\u00eancia de Dados, Engenharia de Computa\u00e7\u00e3o e Tecnologia da Informa\u00e7\u00e3o (Eixo de Computa\u00e7\u00e3o), e Administra\u00e7\u00e3o, Engenharia de Produ\u00e7\u00e3o e Tecnologia em Processos Gerenciais (Eixo de Neg\u00f3cios e Produ\u00e7\u00e3o). As inscri\u00e7\u00f5es terminam no dia 30\/3, \u00e0s 23h59, e devem ser feitas pelo site\u00a0<a href=\"https:\/\/www.vunesp.com.br\/UVSP2204\"><em>vestibular.univesp.br<\/em><\/a><a href=\"https:\/\/www.vunesp.com.br\/UVSP2204\">.<\/a>\u00a0A prova (objetiva e reda\u00e7\u00e3o) ocorrer\u00e1 no dia\u00a028\/5, \u00e0s 13h, e os locais oficiais ser\u00e3o divulgados no dia 19\/5. O in\u00edcio das aulas est\u00e1 previsto para o final de julho de 2023.<\/p>\n<\/header>\n<div class=\"entry-content clearfix\">\n<p>O custo da inscri\u00e7\u00e3o \u00e9 de R$ 51,75. Para participar, n\u00e3o h\u00e1 limite de idade, basta ter conclu\u00eddo o ensino m\u00e9dio ou com o t\u00e9rmino previsto at\u00e9 o per\u00edodo da matr\u00edcula. No preenchimento da ficha de inscri\u00e7\u00e3o, os candidatos devem cumprir todas as etapas previstas, responder o question\u00e1rio socioecon\u00f4mico, indicar o CPF e seus dados pessoais. Tamb\u00e9m ser\u00e1 poss\u00edvel, caso queiram, fornecer os n\u00fameros de inscri\u00e7\u00e3o do Exame Nacional do Ensino M\u00e9dio (Enem), de 2020, 2021 e 2022, para que os resultados sejam considerados na prova objetiva e integrados \u00e0 nota final. Caso a nota do ENEM 2022 n\u00e3o seja divulgada at\u00e9 o dia 30\/03, n\u00e3o valer\u00e1 para esse processo seletivo. No vestibular, tamb\u00e9m haver\u00e1 o Sistema de Pontua\u00e7\u00e3o Acrescida para Pretos, Pardos e \u00cdndios (PPI) e para alunos que estudaram o Ensino M\u00e9dio em escolas p\u00fablicas.<\/p>\n<p>Do dia 6\/2 at\u00e9 \u00e0s 23h59 do dia 9\/2, as pessoas inscritas no Cadastro \u00danico do Governo Federal (Cad\u00danico) ter\u00e3o isen\u00e7\u00e3o da taxa. No mesmo per\u00edodo, tamb\u00e9m ser\u00e1 concedida a redu\u00e7\u00e3o de\u00a050% do valor\u00a0da taxa de inscri\u00e7\u00e3o, em conformidade com a Lei Estadual n\u00ba 12.782, de 20 de dezembro de 2007, aos candidatos que preencham cumulativamente, os seguintes requisitos: estejam regularmente matriculados no ensino m\u00e9dio ou equivalente, no 3\u00ba semestre da Educa\u00e7\u00e3o de Jovens e Adultos (EJA), em curso pr\u00e9-vestibular ou em curso superior, em n\u00edvel de gradua\u00e7\u00e3o ou p\u00f3s-gradua\u00e7\u00e3o e que recebam remunera\u00e7\u00e3o mensal inferior a 2 (dois) sal\u00e1rios m\u00ednimos ou desempregados. Os benef\u00edcios s\u00e3o concedidos no site do vestibular. No momento da inscri\u00e7\u00e3o, basta clicar em \u201credu\u00e7\u00e3o de taxa\u201d ou \u201cisen\u00e7\u00e3o\u201d.<\/p>\n<p><strong><u>Cursos \u2013\u00a0<\/u><\/strong>Os alunos do Eixo de Computa\u00e7\u00e3o far\u00e3o a escolha entre os tr\u00eas cursos, ap\u00f3s um ano e meio: Bacharelado em Tecnologia da Informa\u00e7\u00e3o \u2013 BTI (dura\u00e7\u00e3o de tr\u00eas anos), Bacharelado em Ci\u00eancia de Dados (quatro anos) ou Bacharelado em Engenharia de Computa\u00e7\u00e3o (cinco anos). J\u00e1 os ingressantes nas Licenciaturas, cursar\u00e3o um ano de ciclo b\u00e1sico, com op\u00e7\u00e3o de habilita\u00e7\u00e3o a partir do segundo ano em Letras, Matem\u00e1tica ou Pedagogia (todos com quatro anos de dura\u00e7\u00e3o). Os que optarem pelo Eixo de Neg\u00f3cios e Produ\u00e7\u00e3o ir\u00e3o cursar um ano b\u00e1sico e, no segundo, far\u00e3o a op\u00e7\u00e3o entre Tecnologia em Processos Gerenciais (tr\u00eas anos), Bacharelado em Administra\u00e7\u00e3o (quatro anos) ou Bacharelado em Engenharia de Produ\u00e7\u00e3o (cinco anos). O modelo garante ao discente mais flexibilidade para a escolha, melhor entendimento do itiner\u00e1rio formativo, al\u00e9m de ter a integra\u00e7\u00e3o com graduandos de outras habilita\u00e7\u00f5es, o que contribui para sua forma\u00e7\u00e3o e no desenvolvimento de projetos integradores multidisciplinares.<\/p>\n<p>Os cursos, totalmente gratuitos, s\u00e3o realizados em Ambiente Virtual de Aprendizagem (AVA), plataforma on-line na qual os estudantes desenvolvem atividades acad\u00eamicas, que incluem assistir a videoaulas, acessar material did\u00e1tico, bibliotecas digitais e tirar d\u00favidas do conte\u00fado com facilitadores. J\u00e1 os polos, s\u00e3o espa\u00e7os f\u00edsicos onde os alunos contam com infraestrutura (computadores, impressoras e acesso \u00e0 internet) e realizam atividades, como provas e discuss\u00f5es em grupo. No local, tamb\u00e9m podem ser solicitados servi\u00e7os de secretaria acad\u00eamica e esclarecimento de d\u00favidas. Todas as videoaulas tamb\u00e9m podem ser acessadas pelo canal do YouTube:<\/p>\n<p><a href=\"https:\/\/www.youtube.com\/user\/univesptv\">https:\/\/www.youtube.com\/user\/univesptv<\/a>\u00a0.<\/p>\n<p><strong>Sobre a Univesp \u2013\u00a0<\/strong>Criada em 2012, a Universidade Virtual do Estado de S\u00e3o Paulo \u00e9 uma institui\u00e7\u00e3o exclusivamente de educa\u00e7\u00e3o a dist\u00e2ncia, mantida pelo Governo do Estado e vinculada \u00e0 Secretaria de Ci\u00eancia, Tecnologia e Inova\u00e7\u00e3o. Entre seus principais parceiros, destacam-se as universidades USP, Unesp, Unicamp e o Centro Paula Souza (CPS). A Univesp conta com mais de 62 mil alunos, entre gradua\u00e7\u00e3o e p\u00f3s, e nove cursos oferecidos nos \u00faltimos vestibulares, Letras, Matem\u00e1tica, Pedagogia, Bacharelado em Tecnologia da Informa\u00e7\u00e3o (BTI), Bacharelado em Ci\u00eancia de Dados, Engenharia de Computa\u00e7\u00e3o, Engenharia de Produ\u00e7\u00e3o, Administra\u00e7\u00e3o e Processos Gerenciais. Os cursos s\u00e3o realizados em Ambiente Virtual de Aprendizagem (AVA), por meio de videoaulas, bibliotecas digitais, conte\u00fados pedag\u00f3gicos e f\u00f3runs, que garantem a intera\u00e7\u00e3o do discente com o facilitador. Em 2023, a universidade possui 423 polos e est\u00e1 presente em 369 munic\u00edpios do Estado, 57% do territ\u00f3rio paulista, que abrigam mais de 92% da popula\u00e7\u00e3o paulista.<\/p>\n<p><strong>Outras Informa\u00e7\u00f5es \u2013\u00a0<\/strong>Em caso de d\u00favidas, o candidato poder\u00e1 acessar o \u201cFale Conosco\u201d do site da Vunesp, banca realizadora do vestibular:\u00a0<a href=\"http:\/\/www.vunesp.com.br\/faleConosco\"><em>www.vunesp.com.br\/faleConosco<\/em><\/a>, e encaminhar sua mensagem ou, ainda, entrar em contato com o \u201cDisque Vunesp\u201d, por meio do telefone (11) 3874-6300, em dias \u00fateis das 8h \u00e0s 18h.<\/p>\n<p>Foto:\u00a0<a href=\"https:\/\/www.freepik.com\/free-photo\/hand-writing-paper-with-pen_992543.htm\">Freepik<\/a><\/p>\n<\/div>\n","protected":false},"excerpt":{"rendered":"<p>Na pr\u00f3xima segunda-feira (6), \u00e0s 10h, a Universidade Virtual do Estado de S\u00e3o Paulo (Univesp) abre inscri\u00e7\u00f5es do vestibular para<\/p>\n","protected":false},"author":3,"featured_media":383,"parent":0,"menu_order":0,"comment_status":"closed","ping_status":"closed","template":"","meta":{"colormag_page_container_layout":"default_layout","colormag_page_sidebar_layout":"default_layout","_crdt_document":"","_kadence_starter_templates_imported_post":false,"_joinchat":[],"footnotes":""},"class_list":["post-590","page","type-page","status-publish","has-post-thumbnail","hentry"],"_links":{"self":[{"href":"https:\/\/cemead.cubatao.sp.gov.br\/index.php?rest_route=\/wp\/v2\/pages\/590","targetHints":{"allow":["GET"]}}],"collection":[{"href":"https:\/\/cemead.cubatao.sp.gov.br\/index.php?rest_route=\/wp\/v2\/pages"}],"about":[{"href":"https:\/\/cemead.cubatao.sp.gov.br\/index.php?rest_route=\/wp\/v2\/types\/page"}],"author":[{"embeddable":true,"href":"https:\/\/cemead.cubatao.sp.gov.br\/index.php?rest_route=\/wp\/v2\/users\/3"}],"replies":[{"embeddable":true,"href":"https:\/\/cemead.cubatao.sp.gov.br\/index.php?rest_route=%2Fwp%2Fv2%2Fcomments&post=590"}],"version-history":[{"count":2,"href":"https:\/\/cemead.cubatao.sp.gov.br\/index.php?rest_route=\/wp\/v2\/pages\/590\/revisions"}],"predecessor-version":[{"id":596,"href":"https:\/\/cemead.cubatao.sp.gov.br\/index.php?rest_route=\/wp\/v2\/pages\/590\/revisions\/596"}],"wp:featuredmedia":[{"embeddable":true,"href":"https:\/\/cemead.cubatao.sp.gov.br\/index.php?rest_route=\/wp\/v2\/media\/383"}],"wp:attachment":[{"href":"https:\/\/cemead.cubatao.sp.gov.br\/index.php?rest_route=%2Fwp%2Fv2%2Fmedia&parent=590"}],"curies":[{"name":"wp","href":"https:\/\/api.w.org\/{rel}","templated":true}]}}