{"id":453,"date":"2023-02-14T15:29:29","date_gmt":"2023-02-14T18:29:29","guid":{"rendered":"http:\/\/192.168.1.142\/wordpress\/?page_id=453"},"modified":"2025-06-06T16:53:54","modified_gmt":"2025-06-06T19:53:54","slug":"contato","status":"publish","type":"page","link":"https:\/\/cemead.cubatao.sp.gov.br\/?page_id=453","title":{"rendered":"CONTATO"},"content":{"rendered":"<p><img fetchpriority=\"high\" decoding=\"async\" class=\" wp-image-1606\" src=\"http:\/\/192.168.1.142\/wordpress\/wp-content\/uploads\/2025\/01\/contato-300x180.jpg\" alt=\"\" width=\"345\" height=\"207\" srcset=\"https:\/\/cemead.cubatao.sp.gov.br\/wp-content\/uploads\/2025\/01\/contato-300x180.jpg 300w, https:\/\/cemead.cubatao.sp.gov.br\/wp-content\/uploads\/2025\/01\/contato.jpg 612w\" sizes=\"(max-width: 345px) 100vw, 345px\" \/>&nbsp;<\/p>\n<p><strong>Hor\u00e1rio de Atendimento: SECRETARIA<\/strong>&nbsp;<\/p>\n<\/div>\n<p><strong>MANH\u00c3:<\/strong> Das 9h \u00e0s 12h<\/p>\n<p><strong>TARDE:<\/strong> Das 13h \u00e0s 17h<\/p>\n<p><strong>NOITE:<\/strong> Das 18h \u00e0s 21h<\/p>\n<p><strong>Telefone:<\/strong> (13) 35125013 \u2013 (13) 35120681 &#8211; WHATSAPP<\/p>\n<p><strong>E-mail:<\/strong> <a href=\"mailto:cemead@cubatao.sp.gov.br\">cemead@cubatao.sp.gov.br<\/a><\/p>\n<p><strong>Endere\u00e7o:<\/strong> Rua Dr. Fernando Costa, 1096 &#8211; Vila Couto, Cubat\u00e3o &#8211; SP<\/p>\n","protected":false},"excerpt":{"rendered":"<p>&nbsp; Hor\u00e1rio de Atendimento: SECRETARIA&nbsp; MANH\u00c3: Das 9h \u00e0s 12h TARDE: Das 13h \u00e0s 17h NOITE: Das 18h \u00e0s 21h<\/p>\n","protected":false},"author":3,"featured_media":0,"parent":0,"menu_order":0,"comment_status":"closed","ping_status":"closed","template":"","meta":{"colormag_page_container_layout":"no_sidebar_full_width","colormag_page_sidebar_layout":"right_sidebar","_crdt_document":"","_kadence_starter_templates_imported_post":false,"_joinchat":[],"footnotes":""},"class_list":["post-453","page","type-page","status-publish","hentry"],"_links":{"self":[{"href":"https:\/\/cemead.cubatao.sp.gov.br\/index.php?rest_route=\/wp\/v2\/pages\/453","targetHints":{"allow":["GET"]}}],"collection":[{"href":"https:\/\/cemead.cubatao.sp.gov.br\/index.php?rest_route=\/wp\/v2\/pages"}],"about":[{"href":"https:\/\/cemead.cubatao.sp.gov.br\/index.php?rest_route=\/wp\/v2\/types\/page"}],"author":[{"embeddable":true,"href":"https:\/\/cemead.cubatao.sp.gov.br\/index.php?rest_route=\/wp\/v2\/users\/3"}],"replies":[{"embeddable":true,"href":"https:\/\/cemead.cubatao.sp.gov.br\/index.php?rest_route=%2Fwp%2Fv2%2Fcomments&post=453"}],"version-history":[{"count":22,"href":"https:\/\/cemead.cubatao.sp.gov.br\/index.php?rest_route=\/wp\/v2\/pages\/453\/revisions"}],"predecessor-version":[{"id":1767,"href":"https:\/\/cemead.cubatao.sp.gov.br\/index.php?rest_route=\/wp\/v2\/pages\/453\/revisions\/1767"}],"wp:attachment":[{"href":"https:\/\/cemead.cubatao.sp.gov.br\/index.php?rest_route=%2Fwp%2Fv2%2Fmedia&parent=453"}],"curies":[{"name":"wp","href":"https:\/\/api.w.org\/{rel}","templated":true}]}}