{"id":444,"date":"2023-02-13T18:10:37","date_gmt":"2023-02-13T21:10:37","guid":{"rendered":"http:\/\/192.168.1.142\/wordpress\/?page_id=444"},"modified":"2025-01-06T20:06:25","modified_gmt":"2025-01-06T23:06:25","slug":"cursos","status":"publish","type":"page","link":"https:\/\/cemead.cubatao.sp.gov.br\/?page_id=444","title":{"rendered":"CURSOS"},"content":{"rendered":"<h1><span style=\"color: #ff0000;\"><strong><img fetchpriority=\"high\" decoding=\"async\" class=\"wp-image-234 aligncenter\" src=\"http:\/\/192.168.1.142\/wordpress\/wp-content\/uploads\/2023\/02\/Univesp_logo_png_rgb-300x177.png\" alt=\"\" width=\"326\" height=\"192\" srcset=\"https:\/\/cemead.cubatao.sp.gov.br\/wp-content\/uploads\/2023\/02\/Univesp_logo_png_rgb-300x177.png 300w, https:\/\/cemead.cubatao.sp.gov.br\/wp-content\/uploads\/2023\/02\/Univesp_logo_png_rgb-1024x603.png 1024w, https:\/\/cemead.cubatao.sp.gov.br\/wp-content\/uploads\/2023\/02\/Univesp_logo_png_rgb-768x452.png 768w, https:\/\/cemead.cubatao.sp.gov.br\/wp-content\/uploads\/2023\/02\/Univesp_logo_png_rgb-1536x905.png 1536w, https:\/\/cemead.cubatao.sp.gov.br\/wp-content\/uploads\/2023\/02\/Univesp_logo_png_rgb-2048x1206.png 2048w\" sizes=\"(max-width: 326px) 100vw, 326px\" \/><\/strong><\/span><\/h1>\n<ul id=\"sidebar\" class=\"nav flex-column\">\n<li class=\"nav-item\"><a class=\"nav-link\" href=\"https:\/\/univesp.br\/cursos\/engenharia-de-computacao\">Engenharia de Computa\u00e7\u00e3o\u00a0<\/a><\/li>\n<li class=\"nav-item\"><a class=\"nav-link\" href=\"https:\/\/univesp.br\/cursos\/engenharia-de-producao\">Engenharia de Produ\u00e7\u00e3o\u00a0<\/a><\/li>\n<li class=\"nav-item\"><a class=\"nav-link\" href=\"https:\/\/univesp.br\/cursos\/licenciatura-em-matematica\">Licenciatura em Matem\u00e1tica\u00a0<\/a><\/li>\n<li class=\"nav-item\"><a class=\"nav-link\" href=\"https:\/\/univesp.br\/cursos\/pedagogia\">Pedagogia\u00a0<\/a><\/li>\n<li class=\"nav-item\"><a class=\"nav-link\" href=\"https:\/\/univesp.br\/cursos\/letras-habilitacao-em-lingua-portuguesa\">Letras &#8211; Habilita\u00e7\u00e3o em L\u00edngua Portuguesa\u00a0<\/a><\/li>\n<li class=\"nav-item\"><a class=\"nav-link\" href=\"https:\/\/univesp.br\/cursos\/bacharel-em-tecnologia-da-informacao\">Bacharelado em Tecnologia da Informa\u00e7\u00e3o\u00a0<\/a><\/li>\n<li class=\"nav-item\"><a class=\"nav-link\" href=\"https:\/\/univesp.br\/cursos\/bacharel-em-ciencia-de-dados\">Bacharelado em Ci\u00eancia de Dados\u00a0<\/a><\/li>\n<li class=\"nav-item\"><a class=\"nav-link\" href=\"https:\/\/univesp.br\/cursos\/bacharel-em-administracao\">Bacharelado em Administra\u00e7\u00e3o<\/a><\/li>\n<li class=\"nav-item\"><a class=\"nav-link\" href=\"https:\/\/univesp.br\/cursos\/tecnologia-em-processos-gerenciais\">Tecnologia em Processos Gerenciais\u00a0<\/a><\/li>\n<\/ul>\n<hr \/>\n<p>&nbsp;<\/p>\n<p><img decoding=\"async\" class=\"size-medium wp-image-1603 aligncenter\" src=\"http:\/\/192.168.1.142\/wordpress\/wp-content\/uploads\/2025\/01\/uab-300x169.png\" alt=\"\" width=\"300\" height=\"169\" srcset=\"https:\/\/cemead.cubatao.sp.gov.br\/wp-content\/uploads\/2025\/01\/uab-300x169.png 300w, https:\/\/cemead.cubatao.sp.gov.br\/wp-content\/uploads\/2025\/01\/uab.png 400w\" sizes=\"(max-width: 300px) 100vw, 300px\" \/><\/p>\n<p><strong>Cursos Ativos<\/strong><\/p>\n<table width=\"100%\">\n<thead>\n<tr>\n<td width=\"17%\"><strong>IES<\/strong><\/td>\n<td width=\"44%\"><strong>Curso<\/strong><\/td>\n<td width=\"36%\"><strong>Tipo de Curso<\/strong><\/td>\n<\/tr>\n<\/thead>\n<tbody>\n<tr>\n<td width=\"17%\">UFF<\/td>\n<td width=\"44%\">PLANEJAMENTO, IMPLEMENTACAO E GESTAO DA EDUCACAO A DISTANCIA<\/td>\n<td width=\"36%\">Especializa\u00e7\u00e3o<\/td>\n<\/tr>\n<tr>\n<td width=\"17%\">UNESP<\/td>\n<td width=\"44%\">PEDAGOGIA<\/td>\n<td width=\"36%\">Licenciatura<\/td>\n<\/tr>\n<tr>\n<td width=\"17%\">UFABC<\/td>\n<td width=\"44%\">GEOPROCESSAMENTO<\/td>\n<td width=\"36%\">Especializa\u00e7\u00e3o<\/td>\n<\/tr>\n<tr>\n<td width=\"17%\">UNESP<\/td>\n<td width=\"44%\">EDUCACAO ESPECIAL COM ENFASE NO TRANSTORNO DO ESPECTRO AUTISTA \u2013 TEA<\/td>\n<td width=\"36%\">Especializa\u00e7\u00e3o<\/td>\n<\/tr>\n<tr>\n<td width=\"17%\">UNESP<\/td>\n<td width=\"44%\">EDUCACAO ESPECIAL COM ENFASE NO ATENDIMENTO EDUCACIONAL ESPECIALIZADO \u2013 AEE<\/td>\n<td width=\"36%\">Especializa\u00e7\u00e3o<\/td>\n<\/tr>\n<tr>\n<td width=\"17%\">UNESP<\/td>\n<td width=\"44%\">EDUCACAO 5.0: METODOLOGIAS ATIVAS E ENSINO HIBRIDO<\/td>\n<td width=\"36%\">Especializa\u00e7\u00e3o<\/td>\n<\/tr>\n<tr>\n<td width=\"17%\">UFABC<\/td>\n<td width=\"44%\">CIENCIA E 10!<\/td>\n<td width=\"36%\">Especializa\u00e7\u00e3o<\/td>\n<\/tr>\n<\/tbody>\n<\/table>\n<p>&nbsp;<\/p>\n","protected":false},"excerpt":{"rendered":"<p>Engenharia de Computa\u00e7\u00e3o\u00a0 Engenharia de Produ\u00e7\u00e3o\u00a0 Licenciatura em Matem\u00e1tica\u00a0 Pedagogia\u00a0 Letras &#8211; Habilita\u00e7\u00e3o em L\u00edngua Portuguesa\u00a0 Bacharelado em Tecnologia da<\/p>\n","protected":false},"author":3,"featured_media":0,"parent":0,"menu_order":0,"comment_status":"closed","ping_status":"closed","template":"","meta":{"colormag_page_container_layout":"default_layout","colormag_page_sidebar_layout":"default_layout","_crdt_document":"","_kadence_starter_templates_imported_post":false,"_joinchat":[],"footnotes":""},"class_list":["post-444","page","type-page","status-publish","hentry"],"_links":{"self":[{"href":"https:\/\/cemead.cubatao.sp.gov.br\/index.php?rest_route=\/wp\/v2\/pages\/444","targetHints":{"allow":["GET"]}}],"collection":[{"href":"https:\/\/cemead.cubatao.sp.gov.br\/index.php?rest_route=\/wp\/v2\/pages"}],"about":[{"href":"https:\/\/cemead.cubatao.sp.gov.br\/index.php?rest_route=\/wp\/v2\/types\/page"}],"author":[{"embeddable":true,"href":"https:\/\/cemead.cubatao.sp.gov.br\/index.php?rest_route=\/wp\/v2\/users\/3"}],"replies":[{"embeddable":true,"href":"https:\/\/cemead.cubatao.sp.gov.br\/index.php?rest_route=%2Fwp%2Fv2%2Fcomments&post=444"}],"version-history":[{"count":17,"href":"https:\/\/cemead.cubatao.sp.gov.br\/index.php?rest_route=\/wp\/v2\/pages\/444\/revisions"}],"predecessor-version":[{"id":1682,"href":"https:\/\/cemead.cubatao.sp.gov.br\/index.php?rest_route=\/wp\/v2\/pages\/444\/revisions\/1682"}],"wp:attachment":[{"href":"https:\/\/cemead.cubatao.sp.gov.br\/index.php?rest_route=%2Fwp%2Fv2%2Fmedia&parent=444"}],"curies":[{"name":"wp","href":"https:\/\/api.w.org\/{rel}","templated":true}]}}