{"id":116,"date":"2023-01-30T16:09:35","date_gmt":"2023-01-30T19:09:35","guid":{"rendered":"http:\/\/192.168.1.142\/wordpress\/?page_id=116"},"modified":"2024-06-20T10:40:00","modified_gmt":"2024-06-20T13:40:00","slug":"biblioteca","status":"publish","type":"page","link":"https:\/\/cemead.cubatao.sp.gov.br\/?page_id=116","title":{"rendered":"BIBLIOTECA"},"content":{"rendered":"<div class=\"paragraph\"><img decoding=\"async\" class=\"wp-image-352 alignleft\" src=\"http:\/\/192.168.1.142\/wordpress\/wp-content\/uploads\/2023\/02\/biblioteca-1024x683-1000x450-1-300x135.jpg\" alt=\"\" width=\"315\" height=\"142\" srcset=\"https:\/\/cemead.cubatao.sp.gov.br\/wp-content\/uploads\/2023\/02\/biblioteca-1024x683-1000x450-1-300x135.jpg 300w, https:\/\/cemead.cubatao.sp.gov.br\/wp-content\/uploads\/2023\/02\/biblioteca-1024x683-1000x450-1-768x346.jpg 768w, https:\/\/cemead.cubatao.sp.gov.br\/wp-content\/uploads\/2023\/02\/biblioteca-1024x683-1000x450-1.jpg 1000w\" sizes=\"(max-width: 315px) 100vw, 315px\" \/>A biblioteca do CEMEAD Polo UAB\/UNIVESP \u00e9 um espa\u00e7o que est\u00e1 dispon\u00edvel para auxili\u00e1-los nesse desafio que \u00e9 a Educa\u00e7\u00e3o a Dist\u00e2ncia.<br \/>\n\u200bEsperamos poder tirar d\u00favidas informacionais, proporcionar um ambiente aconchegante para o estudo, bem como oferecer um acervo pertinente e atualizado para que essa jornada seja o mais tranquila poss\u00edvel.<\/div>\n<div class=\"paragraph\">Al\u00e9m do empr\u00e9stimo domiciliar, a biblioteca conta com v\u00e1rios servi\u00e7os para poder atend\u00ea-lo:\u00a0aux\u00edlio \u00e0 pesquisa, servi\u00e7o de refer\u00eancia e informa\u00e7\u00e3o,\u00a0orienta\u00e7\u00e3o para a formata\u00e7\u00e3o de trabalhos acad\u00eamicos (ABNT), entre outros.<br \/>\nPara tirar d\u00favidas, renovar seus livros, agendar hor\u00e1rios ou se quiser apenas bater um papo,<br \/>\nentre em contato com a gente atrav\u00e9s do e-mail cemeadcbt@gmail.com<\/div>\n<div class=\"paragraph\"><span style=\"color: #24678d; font-size: large;\">Estamos te esperando!<\/span><\/div>\n<div><\/div>\n<div><\/div>\n<div><\/div>\n<div><a href=\"https:\/\/drive.google.com\/drive\/folders\/0B9_wJR8TVkoCOXFvcWRNQ3V3WGM?resourcekey=0-oOvvNTEjlM3dCBQAxguJxA&amp;usp=sharing\" target=\"_blank\" rel=\"noopener\">ACERVO VIRTUAL<\/a><\/div>\n<div><\/div>\n<div><a href=\"http:\/\/qr.cubatao.sp.gov.br\/e-periodicos\/index.html\">E-PERI\u00d3DICOS<\/a><\/div>\n<div><\/div>\n<div><\/div>\n<div>ACERVO F\u00cdSICO &#8211; (em cataloga\u00e7\u00e3o &#8211; BIBLIVRE)<\/div>\n","protected":false},"excerpt":{"rendered":"<p>A biblioteca do CEMEAD Polo UAB\/UNIVESP \u00e9 um espa\u00e7o que est\u00e1 dispon\u00edvel para auxili\u00e1-los nesse desafio que \u00e9 a Educa\u00e7\u00e3o<\/p>\n","protected":false},"author":3,"featured_media":0,"parent":0,"menu_order":0,"comment_status":"closed","ping_status":"closed","template":"","meta":{"colormag_page_container_layout":"default_layout","colormag_page_sidebar_layout":"default_layout","_crdt_document":"","_kadence_starter_templates_imported_post":false,"_joinchat":[],"footnotes":""},"class_list":["post-116","page","type-page","status-publish","hentry"],"_links":{"self":[{"href":"https:\/\/cemead.cubatao.sp.gov.br\/index.php?rest_route=\/wp\/v2\/pages\/116","targetHints":{"allow":["GET"]}}],"collection":[{"href":"https:\/\/cemead.cubatao.sp.gov.br\/index.php?rest_route=\/wp\/v2\/pages"}],"about":[{"href":"https:\/\/cemead.cubatao.sp.gov.br\/index.php?rest_route=\/wp\/v2\/types\/page"}],"author":[{"embeddable":true,"href":"https:\/\/cemead.cubatao.sp.gov.br\/index.php?rest_route=\/wp\/v2\/users\/3"}],"replies":[{"embeddable":true,"href":"https:\/\/cemead.cubatao.sp.gov.br\/index.php?rest_route=%2Fwp%2Fv2%2Fcomments&post=116"}],"version-history":[{"count":7,"href":"https:\/\/cemead.cubatao.sp.gov.br\/index.php?rest_route=\/wp\/v2\/pages\/116\/revisions"}],"predecessor-version":[{"id":1439,"href":"https:\/\/cemead.cubatao.sp.gov.br\/index.php?rest_route=\/wp\/v2\/pages\/116\/revisions\/1439"}],"wp:attachment":[{"href":"https:\/\/cemead.cubatao.sp.gov.br\/index.php?rest_route=%2Fwp%2Fv2%2Fmedia&parent=116"}],"curies":[{"name":"wp","href":"https:\/\/api.w.org\/{rel}","templated":true}]}}