{"id":114,"date":"2023-01-30T16:08:45","date_gmt":"2023-01-30T19:08:45","guid":{"rendered":"http:\/\/192.168.1.142\/wordpress\/?page_id=114"},"modified":"2023-10-16T16:37:02","modified_gmt":"2023-10-16T19:37:02","slug":"legislacao","status":"publish","type":"page","link":"https:\/\/cemead.cubatao.sp.gov.br\/?page_id=114","title":{"rendered":"LEGISLA\u00c7\u00c3O"},"content":{"rendered":"<p><img decoding=\"async\" class=\"alignnone wp-image-208\" src=\"http:\/\/192.168.1.142\/wordpress\/wp-content\/uploads\/2023\/02\/Logo-CEMEAD-300x129.png\" alt=\"\" width=\"219\" height=\"94\" \/><\/p>\n<p><a href=\"https:\/\/drive.google.com\/file\/d\/1wpsL44uZON2peYy4cE2Mhh9qkS5Ro7mn\/view?usp=sharing\" target=\"_blank\" rel=\"noopener\">Lei Municipal N\u00ba 3399\/2010<\/a><\/p>\n<p><a href=\"https:\/\/drive.google.com\/file\/d\/1UHiN_7L7AL12vXKOrKMoDAF-Kcx3190d\/view?usp=sharing\" target=\"_blank\" rel=\"noopener\">Decreto Municipal N\u00ba 10806\/2018\u00a0 Regulamenta\u00e7\u00e3o<\/a><\/p>\n<p>&nbsp;<\/p>\n<p><a href=\"https:\/\/www.gov.br\/capes\/pt-br\/acesso-a-informacao\/acoes-e-programas\/educacao-a-distancia\/universidade-aberta-do-brasil\/acesse-tambem\/o-que-e-uab\" target=\"_blank\" rel=\"noopener\"><img decoding=\"async\" class=\" wp-image-357 alignleft\" src=\"http:\/\/192.168.1.142\/wordpress\/wp-content\/uploads\/2023\/02\/novo_logo_uab-360x178-1-300x148.png\" alt=\"\" width=\"115\" height=\"57\" srcset=\"https:\/\/cemead.cubatao.sp.gov.br\/wp-content\/uploads\/2023\/02\/novo_logo_uab-360x178-1-300x148.png 300w, https:\/\/cemead.cubatao.sp.gov.br\/wp-content\/uploads\/2023\/02\/novo_logo_uab-360x178-1.png 360w\" sizes=\"(max-width: 115px) 100vw, 115px\" \/><\/a><\/p>\n<p>&nbsp;<\/p>\n<p>&nbsp;<\/p>\n<p><a href=\"https:\/\/drive.google.com\/file\/d\/103vujB7NSWIWTTnJejcWi-mieEtLwjLc\/view?usp=sharing\" target=\"_blank\" rel=\"noopener\">Acordo de Coopera\u00e7\u00e3o T\u00e9cnica &#8211; Universidade Aberta do Brasil &#8211; UAB &#8211; Minist\u00e9rio da Educa\u00e7\u00e3o &#8211; DED\/CAPES<\/a><\/p>\n<p>&nbsp;<\/p>\n<p><img decoding=\"async\" class=\"alignnone wp-image-234\" src=\"http:\/\/192.168.1.142\/wordpress\/wp-content\/uploads\/2023\/02\/Univesp_logo_png_rgb-300x177.png\" alt=\"\" width=\"108\" height=\"64\" srcset=\"https:\/\/cemead.cubatao.sp.gov.br\/wp-content\/uploads\/2023\/02\/Univesp_logo_png_rgb-300x177.png 300w, https:\/\/cemead.cubatao.sp.gov.br\/wp-content\/uploads\/2023\/02\/Univesp_logo_png_rgb-1024x603.png 1024w, https:\/\/cemead.cubatao.sp.gov.br\/wp-content\/uploads\/2023\/02\/Univesp_logo_png_rgb-768x452.png 768w, https:\/\/cemead.cubatao.sp.gov.br\/wp-content\/uploads\/2023\/02\/Univesp_logo_png_rgb-1536x905.png 1536w, https:\/\/cemead.cubatao.sp.gov.br\/wp-content\/uploads\/2023\/02\/Univesp_logo_png_rgb-2048x1206.png 2048w\" sizes=\"(max-width: 108px) 100vw, 108px\" \/><\/p>\n<p><a href=\"https:\/\/drive.google.com\/file\/d\/1nmc12q8sxr6MfAf07ELpg49KdE5pIMIl\/view?usp=sharing\" target=\"_blank\" rel=\"noopener\">\u00a0Acordo de Coopera\u00e7\u00e3o T\u00e9cnica &#8211;\u00a0 Universidade Virtual do Estado de S\u00e3o Paulo &#8211; UNIVESP &#8211; Governo de S\u00e3o Paulo &#8211; Secretaria de Ci\u00eancia, Tecnologia e Inova\u00e7\u00e3o.<\/a><\/p>\n","protected":false},"excerpt":{"rendered":"<p>Lei Municipal N\u00ba 3399\/2010 Decreto Municipal N\u00ba 10806\/2018\u00a0 Regulamenta\u00e7\u00e3o &nbsp; &nbsp; &nbsp; Acordo de Coopera\u00e7\u00e3o T\u00e9cnica &#8211; Universidade Aberta do<\/p>\n","protected":false},"author":3,"featured_media":0,"parent":0,"menu_order":0,"comment_status":"closed","ping_status":"closed","template":"","meta":{"colormag_page_container_layout":"default_layout","colormag_page_sidebar_layout":"default_layout","_crdt_document":"","_kadence_starter_templates_imported_post":false,"_joinchat":[],"footnotes":""},"class_list":["post-114","page","type-page","status-publish","hentry"],"_links":{"self":[{"href":"https:\/\/cemead.cubatao.sp.gov.br\/index.php?rest_route=\/wp\/v2\/pages\/114","targetHints":{"allow":["GET"]}}],"collection":[{"href":"https:\/\/cemead.cubatao.sp.gov.br\/index.php?rest_route=\/wp\/v2\/pages"}],"about":[{"href":"https:\/\/cemead.cubatao.sp.gov.br\/index.php?rest_route=\/wp\/v2\/types\/page"}],"author":[{"embeddable":true,"href":"https:\/\/cemead.cubatao.sp.gov.br\/index.php?rest_route=\/wp\/v2\/users\/3"}],"replies":[{"embeddable":true,"href":"https:\/\/cemead.cubatao.sp.gov.br\/index.php?rest_route=%2Fwp%2Fv2%2Fcomments&post=114"}],"version-history":[{"count":9,"href":"https:\/\/cemead.cubatao.sp.gov.br\/index.php?rest_route=\/wp\/v2\/pages\/114\/revisions"}],"predecessor-version":[{"id":1140,"href":"https:\/\/cemead.cubatao.sp.gov.br\/index.php?rest_route=\/wp\/v2\/pages\/114\/revisions\/1140"}],"wp:attachment":[{"href":"https:\/\/cemead.cubatao.sp.gov.br\/index.php?rest_route=%2Fwp%2Fv2%2Fmedia&parent=114"}],"curies":[{"name":"wp","href":"https:\/\/api.w.org\/{rel}","templated":true}]}}