{"id":112,"date":"2023-01-30T16:08:25","date_gmt":"2023-01-30T19:08:25","guid":{"rendered":"http:\/\/192.168.1.142\/wordpress\/?page_id=112"},"modified":"2025-05-09T18:09:02","modified_gmt":"2025-05-09T21:09:02","slug":"conselho-gestor","status":"publish","type":"page","link":"https:\/\/cemead.cubatao.sp.gov.br\/?page_id=112","title":{"rendered":"CONSELHO GESTOR"},"content":{"rendered":"<header class=\"entry-header\">\n<h1 class=\"entry-title\"><img decoding=\"async\" class=\"alignnone size-medium wp-image-348 aligncenter\" src=\"http:\/\/192.168.1.142\/wordpress\/wp-content\/uploads\/2023\/02\/conselho-gestor-e1561142417218-532x209-1-300x118.jpg\" alt=\"\" width=\"300\" height=\"118\" srcset=\"https:\/\/cemead.cubatao.sp.gov.br\/wp-content\/uploads\/2023\/02\/conselho-gestor-e1561142417218-532x209-1-300x118.jpg 300w, https:\/\/cemead.cubatao.sp.gov.br\/wp-content\/uploads\/2023\/02\/conselho-gestor-e1561142417218-532x209-1.jpg 532w\" sizes=\"(max-width: 300px) 100vw, 300px\" \/><\/h1>\n<\/header>\n<div class=\"entry-content clearfix\">\n<p><em>[\u2026] a gest\u00e3o democr\u00e1tica \u00e9 entendida como processo de aprendizagem e de luta pol\u00edtica que n\u00e3o se circunscreve aos limites da pr\u00e1tica educativa, mas, vislumbra na especificidades dessa pr\u00e1tica social e de sua relativa autonomia, a possibilidade de cria\u00e7\u00e3o de canais de efetiva participa\u00e7\u00e3o e de aprendizado do \u201cjogo\u201d democr\u00e1tico, e consequentemente, do repensar das estruturas de poder autorit\u00e1rio que permeiam as rela\u00e7\u00f5es sociais, e no seio destas, as pr\u00e1ticas educativas. (DOURADO, 2000, p. 79).<\/em><\/p>\n<p>DECRETO PMC 10.806\/2018<\/p>\n<ul class=\"section m-0 p-0 img-text d-block \" data-for=\"cmlist\">\n<li id=\"module-1\" class=\"activity activity-wrapper label modtype_label hasinfo\" data-for=\"cmitem\" data-id=\"1\" data-indexed=\"true\">\n<div class=\"activity-item activityinline\" data-activityname=\"MEMBROS GEST\u00c3O 2022\/2024 PRESIDENTE: JOACIR CAR...\">\n<div class=\"description\">\n<div class=\"activity-altcontent contentwithoutlink d-flex\">\n<div class=\"flex-fill description-inner\">\n<div class=\"no-overflow\">\n<div class=\"no-overflow\">\n<p><strong>MEMBROS GEST\u00c3O 2023\/2025<\/strong><\/p>\n<p>PRESIDENTE: MARCIO HENRIQUE NARDEZ<\/p>\n<p>SECRET\u00c1RIA: ANA CAROLINA BERTONI DA GRA\u00c7A VILARINHO<\/p>\n<p>REPRESENTANTE SEDUC: MARIA L\u00daCIA PERALTA e LEANDRO DA NOBREGA PINHEIRO<\/p>\n<p>REPRESENTANTE CONSELHO: SILAS DO CARMO DELFINO<\/p>\n<p>REPRESENTANTE UNIVESP: S\u00c9RGIO PAULO CHAVES PEREIRA<\/p>\n<p>REPRESENTANTE UNESP: F\u00c1BIO ARLINDO SILVA<\/p>\n<p>REPRESENTANTE TUTOR\/MEDIADOR: PRISCILA LIMA SILVA<\/p>\n<p>REPRESENTANTE ALUNOS: LEANDRO DE ANDRADE e JACKSON DA SILVA BARBOSA<\/p>\n<p>&nbsp;<\/p>\n<p><strong>SUPLENTES<\/strong><\/p>\n<p>REPRESENTANTE SEDUC: PRISCILA MARIA DOS SANTOS DE PADILHA e\u00a0LEANDRO DA SILVA GASPAR<\/p>\n<p>REPRESENTANTE TUTOR\/MEDIADOR: FERNANDO PINTO MARTINEZ<\/p>\n<p>REPRESENTANTE CONSELHO: EDIL\u00c2NIA MARIA R. BATALHA PEREIRA<\/p>\n<p>REPRESENTANTE UNIVESP:\u00a0 LEONARDO COSTA STRAJANELI<\/p>\n<p>REPRESENTANTE ALUNOS:\u00a0 DIREITO\u00a0 A 2 VOTOS<\/p>\n<\/div>\n<\/div>\n<\/div>\n<\/div>\n<\/div>\n<\/div>\n<\/li>\n<\/ul>\n<\/div>\n","protected":false},"excerpt":{"rendered":"<p>[\u2026] a gest\u00e3o democr\u00e1tica \u00e9 entendida como processo de aprendizagem e de luta pol\u00edtica que n\u00e3o se circunscreve aos limites<\/p>\n","protected":false},"author":3,"featured_media":0,"parent":0,"menu_order":0,"comment_status":"closed","ping_status":"closed","template":"","meta":{"colormag_page_container_layout":"default_layout","colormag_page_sidebar_layout":"default_layout","_crdt_document":"","_kadence_starter_templates_imported_post":false,"_joinchat":[],"footnotes":""},"class_list":["post-112","page","type-page","status-publish","hentry"],"_links":{"self":[{"href":"https:\/\/cemead.cubatao.sp.gov.br\/index.php?rest_route=\/wp\/v2\/pages\/112","targetHints":{"allow":["GET"]}}],"collection":[{"href":"https:\/\/cemead.cubatao.sp.gov.br\/index.php?rest_route=\/wp\/v2\/pages"}],"about":[{"href":"https:\/\/cemead.cubatao.sp.gov.br\/index.php?rest_route=\/wp\/v2\/types\/page"}],"author":[{"embeddable":true,"href":"https:\/\/cemead.cubatao.sp.gov.br\/index.php?rest_route=\/wp\/v2\/users\/3"}],"replies":[{"embeddable":true,"href":"https:\/\/cemead.cubatao.sp.gov.br\/index.php?rest_route=%2Fwp%2Fv2%2Fcomments&post=112"}],"version-history":[{"count":12,"href":"https:\/\/cemead.cubatao.sp.gov.br\/index.php?rest_route=\/wp\/v2\/pages\/112\/revisions"}],"predecessor-version":[{"id":1722,"href":"https:\/\/cemead.cubatao.sp.gov.br\/index.php?rest_route=\/wp\/v2\/pages\/112\/revisions\/1722"}],"wp:attachment":[{"href":"https:\/\/cemead.cubatao.sp.gov.br\/index.php?rest_route=%2Fwp%2Fv2%2Fmedia&parent=112"}],"curies":[{"name":"wp","href":"https:\/\/api.w.org\/{rel}","templated":true}]}}