{"id":110,"date":"2023-01-30T16:07:38","date_gmt":"2023-01-30T19:07:38","guid":{"rendered":"http:\/\/192.168.1.142\/wordpress\/?page_id=110"},"modified":"2025-01-06T19:31:40","modified_gmt":"2025-01-06T22:31:40","slug":"cemead","status":"publish","type":"page","link":"https:\/\/cemead.cubatao.sp.gov.br\/?page_id=110","title":{"rendered":"CEMEAD"},"content":{"rendered":"\r\n<p class=\"wp-block-paragraph\">Bem-vindo ao Centro Municipal de Educa\u00e7\u00e3o a Dist\u00e2ncia de Cubat\u00e3o (CEMEAD) &#8211; um espa\u00e7o dedicado \u00e0 educa\u00e7\u00e3o e forma\u00e7\u00e3o continuada da comunidade e dos servidores da Prefeitura de Cubat\u00e3o. Aqui, nosso objetivo \u00e9 oferecer acesso a cursos de alta qualidade na modalidade de Educa\u00e7\u00e3o a Dist\u00e2ncia (EAD), permitindo que voc\u00ea alcance seus objetivos de aprendizagem e desenvolvimento pessoal.<\/p>\r\n\r\n\r\n\r\n<p class=\"wp-block-paragraph\">Como Polo de apoio presencial do Sistema Universidade Aberta do Brasil (UAB) e da UNIVESP, o CEMEAD est\u00e1 comprometido em fornecer aos seus alunos as melhores condi\u00e7\u00f5es de estudo e aprendizagem, oferecendo um amplo leque de cursos online, com recursos tecnol\u00f3gicos avan\u00e7ados e uma equipe de profissionais altamente capacitados.<\/p>\r\n\r\n\r\n\r\n<p class=\"wp-block-paragraph\">Nossa miss\u00e3o \u00e9 democratizar o acesso \u00e0 educa\u00e7\u00e3o e proporcionar oportunidades para que todos possam ampliar seus conhecimentos e habilidades, independentemente de sua localiza\u00e7\u00e3o ou disponibilidade de tempo. Por isso, nossos cursos s\u00e3o desenvolvidos para serem acess\u00edveis e flex\u00edveis, possibilitando aos nossos alunos estudarem no hor\u00e1rio que melhor lhes convier.<\/p>\r\n\r\n\r\n\r\n<p class=\"wp-block-paragraph\">Se voc\u00ea \u00e9 um servidor da Prefeitura de Cubat\u00e3o ou faz parte da comunidade local, convidamos voc\u00ea a conhecer o CEMEAD e descobrir as vantagens de fazer parte desta iniciativa. Acesse nossa plataforma e confira a oferta de cursos dispon\u00edveis, escolha o que mais se adeque \u00e0s suas necessidades e comece a investir em sua forma\u00e7\u00e3o e crescimento profissional hoje mesmo.<\/p>\r\n\r\n\r\n\r\n<p class=\"wp-block-paragraph\">N\u00f3s acreditamos que a educa\u00e7\u00e3o \u00e9 um direito de todos e que todos devem ter acesso \u00e0s melhores oportunidades de aprendizagem. Junte-se a n\u00f3s e fa\u00e7a parte desta miss\u00e3o!<\/p>\r\n\r\n\r\n\r\n<p class=\"wp-block-paragraph\"><strong>Coordena\u00e7\u00e3o CEMEAD-UAB-UNIVESP<\/strong><\/p>\r\n<p>Prof. Marcio Henrique Nardez<\/p>\r\n<figure class=\"wp-block-table\"><\/figure>\r\n","protected":false},"excerpt":{"rendered":"<p>Bem-vindo ao Centro Municipal de Educa\u00e7\u00e3o a Dist\u00e2ncia de Cubat\u00e3o (CEMEAD) &#8211; um espa\u00e7o dedicado \u00e0 educa\u00e7\u00e3o e forma\u00e7\u00e3o continuada<\/p>\n","protected":false},"author":3,"featured_media":0,"parent":0,"menu_order":0,"comment_status":"closed","ping_status":"closed","template":"","meta":{"colormag_page_container_layout":"default_layout","colormag_page_sidebar_layout":"default_layout","_crdt_document":"","_kadence_starter_templates_imported_post":false,"_joinchat":[],"footnotes":""},"class_list":["post-110","page","type-page","status-publish","hentry"],"_links":{"self":[{"href":"https:\/\/cemead.cubatao.sp.gov.br\/index.php?rest_route=\/wp\/v2\/pages\/110","targetHints":{"allow":["GET"]}}],"collection":[{"href":"https:\/\/cemead.cubatao.sp.gov.br\/index.php?rest_route=\/wp\/v2\/pages"}],"about":[{"href":"https:\/\/cemead.cubatao.sp.gov.br\/index.php?rest_route=\/wp\/v2\/types\/page"}],"author":[{"embeddable":true,"href":"https:\/\/cemead.cubatao.sp.gov.br\/index.php?rest_route=\/wp\/v2\/users\/3"}],"replies":[{"embeddable":true,"href":"https:\/\/cemead.cubatao.sp.gov.br\/index.php?rest_route=%2Fwp%2Fv2%2Fcomments&post=110"}],"version-history":[{"count":16,"href":"https:\/\/cemead.cubatao.sp.gov.br\/index.php?rest_route=\/wp\/v2\/pages\/110\/revisions"}],"predecessor-version":[{"id":1596,"href":"https:\/\/cemead.cubatao.sp.gov.br\/index.php?rest_route=\/wp\/v2\/pages\/110\/revisions\/1596"}],"wp:attachment":[{"href":"https:\/\/cemead.cubatao.sp.gov.br\/index.php?rest_route=%2Fwp%2Fv2%2Fmedia&parent=110"}],"curies":[{"name":"wp","href":"https:\/\/api.w.org\/{rel}","templated":true}]}}