{"id":108,"date":"2023-01-30T16:06:37","date_gmt":"2023-01-30T19:06:37","guid":{"rendered":"http:\/\/192.168.1.142\/wordpress\/?page_id=108"},"modified":"2025-01-07T19:16:57","modified_gmt":"2025-01-07T22:16:57","slug":"universidades","status":"publish","type":"page","link":"https:\/\/cemead.cubatao.sp.gov.br\/?page_id=108","title":{"rendered":"UNIVERSIDADES"},"content":{"rendered":"\r\n<div class=\"wp-block-columns is-layout-flex wp-container-core-columns-is-layout-7387b849 wp-block-columns-is-layout-flex\">\r\n<div class=\"wp-block-column\" style=\"flex-basis: 100%;\"><hr \/>\r\n<div class=\"TzHB6b cLjAic LMRCfc\" data-hveid=\"CHsQAA\" data-ved=\"2ahUKEwibzt2Yp5P9AhWdppUCHb-_AlQQy9oBKAB6BAh7EAA\">\r\n<div class=\"sATSHe\">\r\n<div class=\"B03h3d V14nKc i8qq8b ptcLIOszQJu__wholepage-card wp-ms\" data-hveid=\"CHkQAA\">\r\n<div class=\"UDZeY OTFaAf\">\r\n<div>\r\n<div class=\"wDYxhc\" lang=\"pt-BR\" data-md=\"50\" data-hveid=\"CFQQAA\" data-ved=\"2ahUKEwibzt2Yp5P9AhWdppUCHb-_AlQQkCl6BAhUEAA\">\r\n<div class=\"PZPZlf hb8SAc\" data-attrid=\"description\" data-hveid=\"CFQQAQ\" data-ved=\"2ahUKEwibzt2Yp5P9AhWdppUCHb-_AlQQziAoAHoECFQQAQ\">\r\n<div>\r\n<p class=\"kno-rdesc\" style=\"text-align: right;\"><img decoding=\"async\" class=\" wp-image-234 alignleft\" src=\"http:\/\/192.168.1.142\/wordpress\/wp-content\/uploads\/2023\/02\/Univesp_logo_png_rgb-300x177.png\" alt=\"\" width=\"153\" height=\"100\" \/>A Universidade Virtual do Estado de S\u00e3o Paulo \u00e9 uma universidade p\u00fablica do estado de S\u00e3o Paulo, destinada a oferecer cursos semipresenciais para todo o estado. \u00c9 a primeira universidade p\u00fablica virtual do Brasil. <span class=\"IRH78d\">Localizado em:<\/span>\u00a0<a href=\"https:\/\/www.google.com\/search?sxsrf=AJOqlzWf3aiA9QXKY5Pnrk3acKCFQV2z3w:1676319076612&amp;q=Universidade+de+S%C3%A3o+Paulo&amp;ludocid=357179456602795606&amp;gsas=1&amp;lsig=AB86z5Vmsi7Wtz6Sxxc_NpOkmcO2&amp;sa=X&amp;ved=2ahUKEwibzt2Yp5P9AhWdppUCHb-_AlQQ8G0oAHoECHMQAQ\">Universidade de S\u00e3o Paulo <\/a><span class=\"w8qArf\">Endere\u00e7o<span class=\"eTVOZd\">:<\/span><\/span><span class=\"LrzXr\">Av. Prof. Almeida Prado, 532 &#8211; Butant\u00e3, S\u00e3o Paulo &#8211; SP, 05508-901 <\/span><span class=\"w8qArf\">Telefone<span class=\"eTVOZd\">:<\/span><\/span><span class=\"LrzXr zdqRlf kno-fv\"><span aria-label=\"Ligar para (11) 3188-6700\">(11) 3188-6700 <\/span><\/span><span class=\"w8qArf\">Funda\u00e7\u00e3o<span class=\"eTVOZd\">:<\/span><\/span><span class=\"LrzXr kno-fv wHYlTd z8gr9e\">20 de julho de 2012<\/span><\/p>\r\n<p>&nbsp;<\/p>\r\n<\/div>\r\n<\/div>\r\n<\/div>\r\n<\/div>\r\n<div class=\"QsDR1c\">\r\n<div class=\"wDYxhc\" lang=\"pt-BR\" data-attrid=\"kc:\/collection\/knowledge_panels\/has_phone:phone\" data-md=\"1006\" data-hveid=\"CFwQAA\" data-ved=\"2ahUKEwibzt2Yp5P9AhWdppUCHb-_AlQQkCl6BAhcEAA\">\r\n<div class=\"Z1hOCe\">\r\n<div class=\"zloOqf PZPZlf\" data-dtype=\"d3ifr\" data-local-attribute=\"d3ph\" data-ved=\"2ahUKEwibzt2Yp5P9AhWdppUCHb-_AlQQ8I0BKAB6BAhcEAE\">\r\n<div data-at=\"3\" data-uid=\"1\"><hr \/>\r\n<div class=\"wDYxhc\" lang=\"pt-BR\" data-md=\"50\" data-hveid=\"CHcQAA\" data-ved=\"2ahUKEwiohurXp5P9AhVAlZUCHYQuAVkQkCl6BAh3EAA\">\r\n<div class=\"PZPZlf hb8SAc\" data-attrid=\"description\" data-hveid=\"CHcQAQ\" data-ved=\"2ahUKEwiohurXp5P9AhVAlZUCHYQuAVkQziAoAHoECHcQAQ\"><img decoding=\"async\" class=\"wp-image-227 alignleft\" style=\"text-align: right;\" src=\"http:\/\/192.168.1.142\/wordpress\/wp-content\/uploads\/2023\/02\/unesp-300x122.gif\" alt=\"\" width=\"141\" height=\"52\" \/>\r\n<div class=\"kno-rdesc\" style=\"text-align: right;\">Universidade Estadual Paulista &#8220;J\u00falio de Mesquita Filho&#8221; \u00e9 uma universidade p\u00fablica brasileira, com atua\u00e7\u00e3o no ensino, na pesquisa e na extens\u00e3o de servi\u00e7os \u00e0 comunidade.<\/div>\r\n<\/div>\r\n<\/div>\r\n<div class=\"wDYxhc\" lang=\"pt-BR\" style=\"text-align: right;\" data-attrid=\"hw:\/collection\/employers:academic staff\" data-md=\"1001\" data-hveid=\"CIsBEAA\" data-ved=\"2ahUKEwiohurXp5P9AhVAlZUCHYQuAVkQkCl6BQiLARAA\">\r\n<div class=\"Z1hOCe\">\r\n<div class=\"zloOqf PZPZlf\" data-ved=\"2ahUKEwiohurXp5P9AhVAlZUCHYQuAVkQyxMoAHoFCIsBEAE\">\r\n<div class=\"rVusze\"><span class=\"w8qArf\">Afilia\u00e7\u00e3o<span class=\"eTVOZd\">:<\/span><\/span><span class=\"LrzXr kno-fv wHYlTd z8gr9e\"><a class=\"fl\" href=\"https:\/\/www.google.com\/search?sxsrf=AJOqlzW-W7AYASXcNeH3cGsK-iO_bO9msw:1676319208938&amp;q=Grupo+Compostela+de+Universidades&amp;si=AEcPFx5y3cpWB8t3QIlw940Bbgd-HLN-aNYSTraERzz0WyAsdNb6CgNw9HgwYJW2zBTbMAWDOlthlyzzaSwSpHFeJDtDNaOBQ2aQBqxCeIldDZ6hchNoeKrVLPEVUk8qX_xn9gLIIOfYY4Zmp0JCdxnut9pkz4Ame3osTcF5XeAi7MJWdrhHc0A5uCw4F7AeyImIV9IgqGAtFk0wPEuTz-u6BbVAlox-vvk58T_G_xdqA2Yc1VFhVIY%3D&amp;sa=X&amp;ved=2ahUKEwiohurXp5P9AhVAlZUCHYQuAVkQmxMoAXoFCIkBEAM\" data-ved=\"2ahUKEwiohurXp5P9AhVAlZUCHYQuAVkQmxMoAXoFCIkBEAM\">Grupo Composte<\/a><\/span><a class=\"fl\" href=\"https:\/\/www.google.com\/search?sxsrf=AJOqlzW-W7AYASXcNeH3cGsK-iO_bO9msw:1676319208938&amp;q=Grupo+Compostela+de+Universidades&amp;si=AEcPFx5y3cpWB8t3QIlw940Bbgd-HLN-aNYSTraERzz0WyAsdNb6CgNw9HgwYJW2zBTbMAWDOlthlyzzaSwSpHFeJDtDNaOBQ2aQBqxCeIldDZ6hchNoeKrVLPEVUk8qX_xn9gLIIOfYY4Zmp0JCdxnut9pkz4Ame3osTcF5XeAi7MJWdrhHc0A5uCw4F7AeyImIV9IgqGAtFk0wPEuTz-u6BbVAlox-vvk58T_G_xdqA2Yc1VFhVIY%3D&amp;sa=X&amp;ved=2ahUKEwiohurXp5P9AhVAlZUCHYQuAVkQmxMoAXoFCIkBEAM\" data-ved=\"2ahUKEwiohurXp5P9AhVAlZUCHYQuAVkQmxMoAXoFCIkBEAM\">la de Universidades<\/a><\/div>\r\n<div><hr \/><\/div>\r\n<\/div>\r\n<\/div>\r\n<\/div>\r\n<\/div>\r\n<div data-at=\"3\" data-uid=\"1\">\r\n<div class=\"TzHB6b cLjAic LMRCfc\" data-hveid=\"CJUBEAA\" data-ved=\"2ahUKEwiV346wqJP9AhWJq5UCHXnNBDwQy9oBKAB6BQiVARAA\">\r\n<div class=\"sATSHe\">\r\n<div class=\"B03h3d V14nKc i8qq8b ptcLIOszQJu__wholepage-card wp-ms\" data-hveid=\"CJMBEAA\">\r\n<div class=\"UDZeY OTFaAf\">\r\n<div class=\"wDYxhc\" lang=\"pt-BR\" data-md=\"50\" data-hveid=\"CGsQAA\" data-ved=\"2ahUKEwiV346wqJP9AhWJq5UCHXnNBDwQkCl6BAhrEAA\">\r\n<div class=\"PZPZlf hb8SAc\" data-attrid=\"description\" data-hveid=\"CGsQAQ\" data-ved=\"2ahUKEwiV346wqJP9AhWJq5UCHXnNBDwQziAoAHoECGsQAQ\">\r\n<div class=\"kno-rdesc\">\r\n<div class=\"TzHB6b cLjAic LMRCfc\" data-hveid=\"CJUBEAA\" data-ved=\"2ahUKEwiV346wqJP9AhWJq5UCHXnNBDwQy9oBKAB6BQiVARAA\">\r\n<div class=\"sATSHe\">\r\n<div class=\"B03h3d V14nKc i8qq8b ptcLIOszQJu__wholepage-card wp-ms\" data-hveid=\"CJMBEAA\">\r\n<div class=\"UDZeY OTFaAf\">\r\n<div>\r\n<div class=\"wDYxhc\" lang=\"pt-BR\" data-md=\"50\" data-hveid=\"CGsQAA\" data-ved=\"2ahUKEwiV346wqJP9AhWJq5UCHXnNBDwQkCl6BAhrEAA\">\r\n<div class=\"PZPZlf hb8SAc\" data-attrid=\"description\" data-hveid=\"CGsQAQ\" data-ved=\"2ahUKEwiV346wqJP9AhWJq5UCHXnNBDwQziAoAHoECGsQAQ\">\r\n<div><img decoding=\"async\" class=\"wp-image-336 alignleft\" style=\"text-align: right;\" src=\"http:\/\/192.168.1.142\/wordpress\/wp-content\/uploads\/2023\/02\/UFABC.png\" alt=\"\" width=\"91\" height=\"87\" \/>\r\n<p class=\"kno-rdesc\" style=\"text-align: right;\">A Universidade Federal do ABC \u00e9 uma institui\u00e7\u00e3o p\u00fablica federal de ensino superior no ABC Paulista. Ocupa o 1\u00b0 lugar entre as universidades brasileiras no Ranking SCImago nos quesitos \u201cExcel\u00eancia em Pesquisa\u201d, \u201cPublica\u00e7\u00f5es de alta qualidade\u201d e \u201cImpacto normalizado das suas publica\u00e7\u00f5es\u201d.\u00a0<span class=\"w8qArf\" style=\"text-align: right;\">Endere\u00e7o<span class=\"eTVOZd\">:<\/span><\/span><span class=\"LrzXr\" style=\"text-align: right;\">Av. dos Estados, 5001 &#8211; Bang\u00fa, Santo Andr\u00e9 &#8211; SP, 09210-580\u00a0 <\/span><span class=\"w8qArf\" style=\"text-align: right;\">Telefone<span class=\"eTVOZd\">:<\/span><\/span><span class=\"LrzXr zdqRlf kno-fv\" style=\"text-align: right;\"><span aria-label=\"Ligar para (11) 3356-7000\">(11) 3356-7000 <\/span><\/span><span class=\"w8qArf\" style=\"text-align: right;\">Funda\u00e7\u00e3o<span class=\"eTVOZd\">:<\/span><\/span><span class=\"LrzXr kno-fv wHYlTd z8gr9e\" style=\"text-align: right;\">26 de julho de 2005<\/span><\/p>\r\n<\/div>\r\n<\/div>\r\n<\/div>\r\n<\/div>\r\n<\/div>\r\n<\/div>\r\n<\/div>\r\n<\/div>\r\n<div class=\"TzHB6b cLjAic\" data-hveid=\"CJoBEAA\" data-ved=\"2ahUKEwiV346wqJP9AhWJq5UCHXnNBDwQ04gCKAB6BQiaARAA\">\r\n<div class=\"sATSHe\">\r\n<div class=\"B03h3d V14nKc i8qq8b ptcLIOszQJu__wholepage-card wp-ms\" data-hveid=\"CJIBEAA\">\r\n<div class=\"UDZeY OTFaAf\">\r\n<div class=\"ceacV\">\r\n<div class=\"owjCYb\">\u00a0<\/div>\r\n<div><hr \/><\/div>\r\n<\/div>\r\n<\/div>\r\n<\/div>\r\n<\/div>\r\n<\/div>\r\n<\/div>\r\n<\/div>\r\n<\/div>\r\n<\/div>\r\n<\/div>\r\n<\/div>\r\n<\/div>\r\n<div class=\"TzHB6b cLjAic\" data-hveid=\"CJoBEAA\" data-ved=\"2ahUKEwiV346wqJP9AhWJq5UCHXnNBDwQ04gCKAB6BQiaARAA\">\r\n<div class=\"sATSHe\">\r\n<div class=\"B03h3d V14nKc i8qq8b ptcLIOszQJu__wholepage-card wp-ms\" data-hveid=\"CJIBEAA\">\r\n<div class=\"UDZeY OTFaAf\">\r\n<div class=\"ceacV\">\r\n<p><img loading=\"lazy\" decoding=\"async\" class=\"wp-image-338 alignleft\" src=\"http:\/\/192.168.1.142\/wordpress\/wp-content\/uploads\/2023\/02\/logouff_vertical_fundo_azul-300x300.png\" alt=\"\" width=\"93\" height=\"84\" \/><\/p>\r\n<p style=\"text-align: right;\">A Universidade Federal Fluminense foi criada em 1960 com o nome de Universidade Federal do Estado do Rio de Janeiro (UFERJ). Originou-se da incorpora\u00e7\u00e3o das Escolas Federais de Farm\u00e1cia, Odontologia e Direito (1912), Medicina (1926) e Medicina Veterin\u00e1ria (1936); agregou outras cinco, das quais tr\u00eas eram estaduais, a saber: Enfermagem (1944), Servi\u00e7o Social (1945), Engenharia (1952), e outras duas, particulares, Ci\u00eancias Econ\u00f4micas (1942) e Filosofia (1947).\u00a0 Ap\u00f3s serem federalizadas e incorporadas, essa uni\u00e3o passou a ser denominada Universidade Federal Fluminense.\u00a0<\/p>\r\n<hr \/><\/div>\r\n<\/div>\r\n<\/div>\r\n<\/div>\r\n<\/div>\r\n<\/div>\r\n<\/div>\r\n<\/div>\r\n<\/div>\r\n<\/div>\r\n<\/div>\r\n<\/div>\r\n<\/div>\r\n<\/div>\r\n<\/div>\r\n<\/div>\r\n<p style=\"text-align: right;\"><img loading=\"lazy\" decoding=\"async\" class=\"wp-image-1599 alignleft\" src=\"http:\/\/192.168.1.142\/wordpress\/wp-content\/uploads\/2025\/01\/ufsj.png\" alt=\"\" width=\"94\" height=\"98\" \/> A\u00a0Universidade Federal de S\u00e3o Jo\u00e3o del-Rei\u00a0(UFSJ) foi institu\u00edda pela\u00a0<a href=\"http:\/\/www.planalto.gov.br\/ccivil_03\/leis\/L7555.htm\">Lei 7.555, de 18 de dezembro de 1986<\/a>, como\u00a0Funda\u00e7\u00e3o de Ensino Superior de S\u00e3o Jo\u00e3o del-Rei\u00a0(Funrei), sendo resultado da reuni\u00e3o e federaliza\u00e7\u00e3o de duas institui\u00e7\u00f5es: a Faculdade Dom Bosco de Filosofia, Ci\u00eancias e Letras, cujas atividades iniciaram em 1954, mantidas pela Inspetoria de S\u00e3o Jo\u00e3o Bosco; e a Funda\u00e7\u00e3o Municipal de S\u00e3o Jo\u00e3o del-Rei, mantenedora da Faculdade de Ci\u00eancias Econ\u00f4micas, Administrativas e Cont\u00e1beis (Faceac) e da Faculdade de Engenharia Industrial (Faein), cujas atividades iniciaram-se em 1972 e 1976 respectivamente.<\/p>\r\n<p>&nbsp;<\/p>\r\n<hr \/>\r\n<p style=\"text-align: right;\"><img loading=\"lazy\" decoding=\"async\" class=\"wp-image-1612 alignleft\" src=\"http:\/\/192.168.1.142\/wordpress\/wp-content\/uploads\/2025\/01\/ufscar-300x219.jpg\" alt=\"\" width=\"106\" height=\"78\" srcset=\"https:\/\/cemead.cubatao.sp.gov.br\/wp-content\/uploads\/2025\/01\/ufscar-300x219.jpg 300w, https:\/\/cemead.cubatao.sp.gov.br\/wp-content\/uploads\/2025\/01\/ufscar-1024x746.jpg 1024w, https:\/\/cemead.cubatao.sp.gov.br\/wp-content\/uploads\/2025\/01\/ufscar-768x560.jpg 768w, https:\/\/cemead.cubatao.sp.gov.br\/wp-content\/uploads\/2025\/01\/ufscar-1536x1119.jpg 1536w, https:\/\/cemead.cubatao.sp.gov.br\/wp-content\/uploads\/2025\/01\/ufscar-2048x1493.jpg 2048w\" sizes=\"(max-width: 106px) 100vw, 106px\" \/> A Secretaria Geral de Educa\u00e7\u00e3o a Dist\u00e2ncia (SEaD) da Universidade Federal de S\u00e3o Carlos (UFSCar) \u00e9 \u00f3rg\u00e3o de apoio acad\u00eamico diretamente vinculado \u00e0 Reitoria, que tem por finalidade executar as pol\u00edticas de educa\u00e7\u00e3o a dist\u00e2ncia, apoiar seu desenvolvimento e a implementa\u00e7\u00e3o de a\u00e7\u00f5es, garantir a qualidade educacional e do material did\u00e1tico, mediante propostas educacionais inovadoras e integra\u00e7\u00e3o de novas tecnologias de informa\u00e7\u00e3o e comunica\u00e7\u00e3o aos processos educacionais.<\/p>\r\n","protected":false},"excerpt":{"rendered":"<p>A Universidade Virtual do Estado de S\u00e3o Paulo \u00e9 uma universidade p\u00fablica do estado de S\u00e3o Paulo, destinada a oferecer<\/p>\n","protected":false},"author":3,"featured_media":0,"parent":0,"menu_order":0,"comment_status":"closed","ping_status":"closed","template":"","meta":{"colormag_page_container_layout":"no_sidebar_full_width","colormag_page_sidebar_layout":"right_sidebar","_crdt_document":"","_kadence_starter_templates_imported_post":false,"_joinchat":[],"footnotes":""},"class_list":["post-108","page","type-page","status-publish","hentry"],"_links":{"self":[{"href":"https:\/\/cemead.cubatao.sp.gov.br\/index.php?rest_route=\/wp\/v2\/pages\/108","targetHints":{"allow":["GET"]}}],"collection":[{"href":"https:\/\/cemead.cubatao.sp.gov.br\/index.php?rest_route=\/wp\/v2\/pages"}],"about":[{"href":"https:\/\/cemead.cubatao.sp.gov.br\/index.php?rest_route=\/wp\/v2\/types\/page"}],"author":[{"embeddable":true,"href":"https:\/\/cemead.cubatao.sp.gov.br\/index.php?rest_route=\/wp\/v2\/users\/3"}],"replies":[{"embeddable":true,"href":"https:\/\/cemead.cubatao.sp.gov.br\/index.php?rest_route=%2Fwp%2Fv2%2Fcomments&post=108"}],"version-history":[{"count":13,"href":"https:\/\/cemead.cubatao.sp.gov.br\/index.php?rest_route=\/wp\/v2\/pages\/108\/revisions"}],"predecessor-version":[{"id":1613,"href":"https:\/\/cemead.cubatao.sp.gov.br\/index.php?rest_route=\/wp\/v2\/pages\/108\/revisions\/1613"}],"wp:attachment":[{"href":"https:\/\/cemead.cubatao.sp.gov.br\/index.php?rest_route=%2Fwp%2Fv2%2Fmedia&parent=108"}],"curies":[{"name":"wp","href":"https:\/\/api.w.org\/{rel}","templated":true}]}}